{"id":65816,"date":"2024-07-29T11:24:52","date_gmt":"2024-07-29T09:24:52","guid":{"rendered":"https:\/\/poli-real-estate.ch\/our-articles\/"},"modified":"2024-08-07T15:37:18","modified_gmt":"2024-08-07T13:37:18","slug":"our-articles","status":"publish","type":"page","link":"https:\/\/poli-real-estate.ch\/en\/our-articles\/","title":{"rendered":"Our articles"},"content":{"rendered":"\t\t<div data-elementor-type=\"wp-page\" data-elementor-id=\"65816\" class=\"elementor elementor-65816 elementor-65609\" data-elementor-post-type=\"page\">\n\t\t\t\t<div class=\"elementor-element elementor-element-188db3d bloc-border before-footer e-flex e-con-boxed e-con e-parent\" data-id=\"188db3d\" data-element_type=\"container\" data-settings=\"{&quot;background_background&quot;:&quot;classic&quot;}\">\n\t\t\t\t\t<div class=\"e-con-inner\">\n\t\t<div class=\"elementor-element elementor-element-324290c e-con-full e-flex e-con e-child\" data-id=\"324290c\" data-element_type=\"container\">\n\t\t<div class=\"elementor-element elementor-element-75194eb e-con-full e-flex e-con e-child\" data-id=\"75194eb\" data-element_type=\"container\">\n\t\t\t\t<div class=\"elementor-element elementor-element-0a71209 elementor-widget elementor-widget-heading\" data-id=\"0a71209\" data-element_type=\"widget\" data-widget_type=\"heading.default\">\n\t\t\t\t<div class=\"elementor-widget-container\">\n\t\t\t<style>\/*! elementor - v3.21.0 - 26-05-2024 *\/\n.elementor-heading-title{padding:0;margin:0;line-height:1}.elementor-widget-heading .elementor-heading-title[class*=elementor-size-]>a{color:inherit;font-size:inherit;line-height:inherit}.elementor-widget-heading .elementor-heading-title.elementor-size-small{font-size:15px}.elementor-widget-heading .elementor-heading-title.elementor-size-medium{font-size:19px}.elementor-widget-heading .elementor-heading-title.elementor-size-large{font-size:29px}.elementor-widget-heading .elementor-heading-title.elementor-size-xl{font-size:39px}.elementor-widget-heading .elementor-heading-title.elementor-size-xxl{font-size:59px}<\/style><h1 class=\"elementor-heading-title elementor-size-default\">Discover our <br> latest articles<\/h1>\t\t<\/div>\n\t\t\t\t<\/div>\n\t\t\t\t<\/div>\n\t\t\t\t<\/div>\n\t\t\t\t\t<\/div>\n\t\t\t\t<\/div>\n\t\t<div class=\"elementor-element elementor-element-e4e60a8 e-flex e-con-boxed e-con e-parent\" data-id=\"e4e60a8\" data-element_type=\"container\">\n\t\t\t\t\t<div class=\"e-con-inner\">\n\t\t\t\t<div class=\"elementor-element elementor-element-d26f0eb elementor-widget elementor-widget-shortcode\" data-id=\"d26f0eb\" data-element_type=\"widget\" data-widget_type=\"shortcode.default\">\n\t\t\t\t<div class=\"elementor-widget-container\">\n\t\t\t\t\t<div class=\"elementor-shortcode\"><div class=\"facetwp-template\" data-name=\"articles\"><div class=\"row articles-page\">\n  <article id=\"post-192177\" class=\"col-md-12 col-article first-article\">\n    <div class=\"content-article\">\n        <div class=\"row\">\n            <div class=\"entry-header col-lg-8 col-md-6\">\n                                    <div class=\"post-thumbnail\">\n                        <a href=\"https:\/\/poli-real-estate.ch\/en\/online-real-estate-appraisal-vs-in-person-property-valuation-advantages-and-disadvantages\/\">\n                            <img fetchpriority=\"high\" decoding=\"async\" width=\"2000\" height=\"1335\" src=\"https:\/\/poli-real-estate.ch\/wp-content\/uploads\/2024\/08\/2148242898sgsg.jpeg\" class=\"attachment-post-thumbnail size-post-thumbnail wp-post-image\" alt=\"Estimation immobili\u00e8re en ligne vs Estimation immobili\u00e8re en pr\u00e9sentiel - Image plans d&#039;architecte\n\nPoli Real Estate\" srcset=\"https:\/\/poli-real-estate.ch\/wp-content\/uploads\/2024\/08\/2148242898sgsg.jpeg 2000w, https:\/\/poli-real-estate.ch\/wp-content\/uploads\/2024\/08\/2148242898sgsg-300x200.jpeg 300w, https:\/\/poli-real-estate.ch\/wp-content\/uploads\/2024\/08\/2148242898sgsg-1024x684.jpeg 1024w, https:\/\/poli-real-estate.ch\/wp-content\/uploads\/2024\/08\/2148242898sgsg-768x513.jpeg 768w, https:\/\/poli-real-estate.ch\/wp-content\/uploads\/2024\/08\/2148242898sgsg-1536x1025.jpeg 1536w\" sizes=\"(max-width: 2000px) 100vw, 2000px\" \/>                        <\/a>\n                    <\/div>\n                            <\/div>\n            <div class=\"entry-footer col-lg-4 col-md-6\">\n                <div>\n                    <span class=\"infos-article\">\n                        15 April, 2026                        | Par\n                        Lorenzo Poli                    <\/span>\n                    <h2 class=\"entry-title\"><a href=\"https:\/\/poli-real-estate.ch\/en\/online-real-estate-appraisal-vs-in-person-property-valuation-advantages-and-disadvantages\/\">Online real estate appraisal vs. in-person property valuation: advantages and disadvantages<\/a><\/h2>\n                    <div class=\"entry-summary\">\n                        In an ever-evolving real estate market, obtaining an accurate property valuation is essential, whether you\u2019re selling, buying, or simply assessing your assets. Thanks to technological advancements, real estate appraisal methods are becoming more diverse, allowing property owners to choose between an online valuation and an in-person appraisal. While online tools&hellip;                    <\/div>\n                <\/div>\n                <a href=\"https:\/\/poli-real-estate.ch\/en\/online-real-estate-appraisal-vs-in-person-property-valuation-advantages-and-disadvantages\/\" class=\"link-article\">\n                    Lire l\u2019article\n                    <svg xmlns=\"http:\/\/www.w3.org\/2000\/svg\" width=\"5.01\" height=\"8.581\" viewBox=\"0 0 5.01 8.581\">\n                        <path id=\"np_arrow_2271238_000000\"\n                              d=\"M38.791,26.509l-.41.43L34.674,30.8l-.893-.859,3.3-3.432-3.3-3.432.893-.859,3.707,3.861Z\"\n                              transform=\"translate(-33.781 -22.218)\" fill=\"#444345\"\/>\n                    <\/svg>\n                <\/a>\n            <\/div>\n        <\/div>\n\n    <\/div>\n<\/article>  <article id=\"post-331778\" class=\"col-lg-4 col-md-6 col-article\">\n    <div class=\"content-article\">\n        <div>\n        <div class=\"entry-header\">\n                            <div class=\"post-thumbnail\">\n                    <a href=\"https:\/\/poli-real-estate.ch\/vente-immobiliere-valoriser-la-commercialisation-bien-immobilier\/\">\n                        <img decoding=\"async\" width=\"2560\" height=\"1703\" src=\"https:\/\/poli-real-estate.ch\/wp-content\/uploads\/2026\/04\/Poli-Lausanne-Villette-19-1-scaled.jpg\" class=\"attachment-post-thumbnail size-post-thumbnail wp-post-image\" alt=\"Vente Immobili\u00e8re - Valorisez la commercialisation de votre maison Poli Real Estate - Agence immobili\u00e8re \u00e0 Lausanne\" srcset=\"https:\/\/poli-real-estate.ch\/wp-content\/uploads\/2026\/04\/Poli-Lausanne-Villette-19-1-scaled.jpg 2560w, https:\/\/poli-real-estate.ch\/wp-content\/uploads\/2026\/04\/Poli-Lausanne-Villette-19-1-300x200.jpg 300w, https:\/\/poli-real-estate.ch\/wp-content\/uploads\/2026\/04\/Poli-Lausanne-Villette-19-1-1024x681.jpg 1024w, https:\/\/poli-real-estate.ch\/wp-content\/uploads\/2026\/04\/Poli-Lausanne-Villette-19-1-768x511.jpg 768w, https:\/\/poli-real-estate.ch\/wp-content\/uploads\/2026\/04\/Poli-Lausanne-Villette-19-1-1536x1022.jpg 1536w, https:\/\/poli-real-estate.ch\/wp-content\/uploads\/2026\/04\/Poli-Lausanne-Villette-19-1-2048x1362.jpg 2048w\" sizes=\"(max-width: 2560px) 100vw, 2560px\" \/>                    <\/a>\n                <\/div>\n                    <\/div>\n        <div class=\"entry-footer\">\n            <div>\n                <h2 class=\"entry-title\"><a href=\"https:\/\/poli-real-estate.ch\/vente-immobiliere-valoriser-la-commercialisation-bien-immobilier\/\">Vente immobili\u00e8re : <br>notre approche pour valoriser la commercialisation de votre bien<\/a><\/h2>\n                <div class=\"entry-summary\">\n                    <p>Vous vous demandez comment maximiser la valeur de votre maison ou appartement ? Cet article&#8230;<\/p>\n                <\/div>\n            <\/div>\n        <\/div>\n        <\/div>\n        <a href=\"https:\/\/poli-real-estate.ch\/vente-immobiliere-valoriser-la-commercialisation-bien-immobilier\/\" class=\"link-article\">\n            Lire l\u2019article\n            <svg xmlns=\"http:\/\/www.w3.org\/2000\/svg\" width=\"5.01\" height=\"8.581\" viewBox=\"0 0 5.01 8.581\">\n                <path id=\"np_arrow_2271238_000000\"\n                      d=\"M38.791,26.509l-.41.43L34.674,30.8l-.893-.859,3.3-3.432-3.3-3.432.893-.859,3.707,3.861Z\"\n                      transform=\"translate(-33.781 -22.218)\" fill=\"#444345\"\/>\n            <\/svg>\n        <\/a>\n    <\/div>\n<\/article>  <article id=\"post-192204\" class=\"col-lg-4 col-md-6 col-article\">\n    <div class=\"content-article\">\n        <div>\n        <div class=\"entry-header\">\n                            <div class=\"post-thumbnail\">\n                    <a href=\"https:\/\/poli-real-estate.ch\/en\/how-to-successfully-prepare-your-property-for-sale-the-detailed-guide\/\">\n                        <img decoding=\"async\" width=\"1920\" height=\"1280\" src=\"https:\/\/poli-real-estate.ch\/wp-content\/uploads\/2024\/07\/Vue-depuis-piscine_9719-2RET.jpg\" class=\"attachment-post-thumbnail size-post-thumbnail wp-post-image\" alt=\"\" srcset=\"https:\/\/poli-real-estate.ch\/wp-content\/uploads\/2024\/07\/Vue-depuis-piscine_9719-2RET.jpg 1920w, https:\/\/poli-real-estate.ch\/wp-content\/uploads\/2024\/07\/Vue-depuis-piscine_9719-2RET-300x200.jpg 300w, https:\/\/poli-real-estate.ch\/wp-content\/uploads\/2024\/07\/Vue-depuis-piscine_9719-2RET-1024x683.jpg 1024w, https:\/\/poli-real-estate.ch\/wp-content\/uploads\/2024\/07\/Vue-depuis-piscine_9719-2RET-768x512.jpg 768w, https:\/\/poli-real-estate.ch\/wp-content\/uploads\/2024\/07\/Vue-depuis-piscine_9719-2RET-1536x1024.jpg 1536w\" sizes=\"(max-width: 1920px) 100vw, 1920px\" \/>                    <\/a>\n                <\/div>\n                    <\/div>\n        <div class=\"entry-footer\">\n            <div>\n                <h2 class=\"entry-title\"><a href=\"https:\/\/poli-real-estate.ch\/en\/how-to-successfully-prepare-your-property-for-sale-the-detailed-guide\/\">How to successfully prepare your property for sale: the detailed guide<\/a><\/h2>\n                <div class=\"entry-summary\">\n                    <p>The sale of a property requires meticulous planning. This preparation falls into two main categories:&#8230;<\/p>\n                <\/div>\n            <\/div>\n        <\/div>\n        <\/div>\n        <a href=\"https:\/\/poli-real-estate.ch\/en\/how-to-successfully-prepare-your-property-for-sale-the-detailed-guide\/\" class=\"link-article\">\n            Lire l\u2019article\n            <svg xmlns=\"http:\/\/www.w3.org\/2000\/svg\" width=\"5.01\" height=\"8.581\" viewBox=\"0 0 5.01 8.581\">\n                <path id=\"np_arrow_2271238_000000\"\n                      d=\"M38.791,26.509l-.41.43L34.674,30.8l-.893-.859,3.3-3.432-3.3-3.432.893-.859,3.707,3.861Z\"\n                      transform=\"translate(-33.781 -22.218)\" fill=\"#444345\"\/>\n            <\/svg>\n        <\/a>\n    <\/div>\n<\/article>  <article id=\"post-228094\" class=\"col-lg-4 col-md-6 col-article\">\n    <div class=\"content-article\">\n        <div>\n        <div class=\"entry-header\">\n                            <div class=\"post-thumbnail\">\n                    <a href=\"https:\/\/poli-real-estate.ch\/en\/castle-of-bochat-8-centuries-of-heritage-and-lifestyle\/\">\n                        <img loading=\"lazy\" decoding=\"async\" width=\"2560\" height=\"1438\" src=\"https:\/\/poli-real-estate.ch\/wp-content\/uploads\/2025\/05\/Poli-Bochat-06-1-1-scaled.jpg\" class=\"attachment-post-thumbnail size-post-thumbnail wp-post-image\" alt=\"Propri\u00e9t\u00e9 de Prestige - Suisse\n\nLuxury Real Estate Switzerland\n\nCh\u00e2teau de Bochat\nCastle in Switzerland\n\nVue drone du Ch\u00e2teau\nDrone view Castle\n\nReal Estate Agency Switzerland\n\nAgence Immobili\u00e8re Suisse\n\nPoli Real Estate\" srcset=\"https:\/\/poli-real-estate.ch\/wp-content\/uploads\/2025\/05\/Poli-Bochat-06-1-1-scaled.jpg 2560w, https:\/\/poli-real-estate.ch\/wp-content\/uploads\/2025\/05\/Poli-Bochat-06-1-1-300x169.jpg 300w, https:\/\/poli-real-estate.ch\/wp-content\/uploads\/2025\/05\/Poli-Bochat-06-1-1-1024x575.jpg 1024w, https:\/\/poli-real-estate.ch\/wp-content\/uploads\/2025\/05\/Poli-Bochat-06-1-1-768x431.jpg 768w, https:\/\/poli-real-estate.ch\/wp-content\/uploads\/2025\/05\/Poli-Bochat-06-1-1-1536x863.jpg 1536w, https:\/\/poli-real-estate.ch\/wp-content\/uploads\/2025\/05\/Poli-Bochat-06-1-1-2048x1150.jpg 2048w\" sizes=\"(max-width: 2560px) 100vw, 2560px\" \/>                    <\/a>\n                <\/div>\n                    <\/div>\n        <div class=\"entry-footer\">\n            <div>\n                <h2 class=\"entry-title\"><a href=\"https:\/\/poli-real-estate.ch\/en\/castle-of-bochat-8-centuries-of-heritage-and-lifestyle\/\">Bochat Castle | 8 centuries of heritage and lifestyle<\/a><\/h2>\n                <div class=\"entry-summary\">\n                    <p>Set amidst the vineyards of Paudex, the Bochat Castle is an exceptional estate where history,&#8230;<\/p>\n                <\/div>\n            <\/div>\n        <\/div>\n        <\/div>\n        <a href=\"https:\/\/poli-real-estate.ch\/en\/castle-of-bochat-8-centuries-of-heritage-and-lifestyle\/\" class=\"link-article\">\n            Lire l\u2019article\n            <svg xmlns=\"http:\/\/www.w3.org\/2000\/svg\" width=\"5.01\" height=\"8.581\" viewBox=\"0 0 5.01 8.581\">\n                <path id=\"np_arrow_2271238_000000\"\n                      d=\"M38.791,26.509l-.41.43L34.674,30.8l-.893-.859,3.3-3.432-3.3-3.432.893-.859,3.707,3.861Z\"\n                      transform=\"translate(-33.781 -22.218)\" fill=\"#444345\"\/>\n            <\/svg>\n        <\/a>\n    <\/div>\n<\/article>  <\/div>\n<\/div><\/div>\n\t\t\t\t<\/div>\n\t\t\t\t<\/div>\n\t\t\t\t<div class=\"elementor-element elementor-element-982b6fe elementor-widget elementor-widget-shortcode\" data-id=\"982b6fe\" data-element_type=\"widget\" data-widget_type=\"shortcode.default\">\n\t\t\t\t<div class=\"elementor-widget-container\">\n\t\t\t\t\t<div class=\"elementor-shortcode\"><div class=\"facetwp-facet facetwp-facet-pager_articles facetwp-type-pager\" data-name=\"pager_articles\" data-type=\"pager\"><\/div><\/div>\n\t\t\t\t<\/div>\n\t\t\t\t<\/div>\n\t\t\t\t\t<\/div>\n\t\t\t\t<\/div>\n\t\t\t\t<\/div>\n\t\t","protected":false},"excerpt":{"rendered":"<p>Discover our latest articles<\/p>\n","protected":false},"author":4,"featured_media":0,"parent":0,"menu_order":0,"comment_status":"closed","ping_status":"closed","template":"","meta":{"_acf_changed":false,"inline_featured_image":false,"footnotes":""},"class_list":["post-65816","page","type-page","status-publish","hentry"],"acf":[],"yoast_head":"<!-- This site is optimized with the Yoast SEO Premium plugin v19.5 (Yoast SEO v19.10) - https:\/\/yoast.com\/wordpress\/plugins\/seo\/ -->\n<title>Our articles | Poli Real Estate<\/title>\n<meta name=\"robots\" content=\"index, follow, max-snippet:-1, max-image-preview:large, max-video-preview:-1\" \/>\n<link rel=\"canonical\" href=\"https:\/\/poli-real-estate.ch\/nos-articles\/\" \/>\n<meta property=\"og:locale\" content=\"en_US\" \/>\n<meta property=\"og:type\" content=\"article\" \/>\n<meta property=\"og:title\" content=\"Our articles\" \/>\n<meta property=\"og:description\" content=\"Discover our latest articles\" \/>\n<meta property=\"og:url\" content=\"https:\/\/poli-real-estate.ch\/nos-articles\/\" \/>\n<meta property=\"og:site_name\" content=\"Poli Real Estate\" \/>\n<meta property=\"article:publisher\" content=\"https:\/\/www.facebook.com\/PRE.Pully\" \/>\n<meta property=\"article:modified_time\" content=\"2024-08-07T13:37:18+00:00\" \/>\n<meta name=\"twitter:card\" content=\"summary_large_image\" \/>\n<script type=\"application\/ld+json\" class=\"yoast-schema-graph\">{\"@context\":\"https:\/\/schema.org\",\"@graph\":[{\"@type\":\"WebPage\",\"@id\":\"https:\/\/poli-real-estate.ch\/nos-articles\/\",\"url\":\"https:\/\/poli-real-estate.ch\/nos-articles\/\",\"name\":\"Our articles | Poli Real Estate\",\"isPartOf\":{\"@id\":\"https:\/\/poli-real-estate.ch\/#website\"},\"datePublished\":\"2024-07-29T09:24:52+00:00\",\"dateModified\":\"2024-08-07T13:37:18+00:00\",\"breadcrumb\":{\"@id\":\"https:\/\/poli-real-estate.ch\/nos-articles\/#breadcrumb\"},\"inLanguage\":\"en-US\",\"potentialAction\":[{\"@type\":\"ReadAction\",\"target\":[\"https:\/\/poli-real-estate.ch\/nos-articles\/\"]}]},{\"@type\":\"BreadcrumbList\",\"@id\":\"https:\/\/poli-real-estate.ch\/nos-articles\/#breadcrumb\",\"itemListElement\":[{\"@type\":\"ListItem\",\"position\":1,\"name\":\"Accueil\",\"item\":\"https:\/\/poli-real-estate.ch\/en\/\"},{\"@type\":\"ListItem\",\"position\":2,\"name\":\"Our articles\"}]},{\"@type\":\"WebSite\",\"@id\":\"https:\/\/poli-real-estate.ch\/#website\",\"url\":\"https:\/\/poli-real-estate.ch\/\",\"name\":\"Poli Real Estate\",\"description\":\"Agence immobili\u00e8re | Pully - Lausanne\",\"publisher\":{\"@id\":\"https:\/\/poli-real-estate.ch\/#organization\"},\"potentialAction\":[{\"@type\":\"SearchAction\",\"target\":{\"@type\":\"EntryPoint\",\"urlTemplate\":\"https:\/\/poli-real-estate.ch\/?s={search_term_string}\"},\"query-input\":\"required name=search_term_string\"}],\"inLanguage\":\"en-US\"},{\"@type\":\"Organization\",\"@id\":\"https:\/\/poli-real-estate.ch\/#organization\",\"name\":\"Poli Real Estate\",\"url\":\"https:\/\/poli-real-estate.ch\/\",\"logo\":{\"@type\":\"ImageObject\",\"inLanguage\":\"en-US\",\"@id\":\"https:\/\/poli-real-estate.ch\/#\/schema\/logo\/image\/\",\"url\":\"https:\/\/poli-real-estate.ch\/wp-content\/uploads\/2021\/08\/poli-black.png\",\"contentUrl\":\"https:\/\/poli-real-estate.ch\/wp-content\/uploads\/2021\/08\/poli-black.png\",\"width\":161,\"height\":70,\"caption\":\"Poli Real Estate\"},\"image\":{\"@id\":\"https:\/\/poli-real-estate.ch\/#\/schema\/logo\/image\/\"},\"sameAs\":[\"https:\/\/www.linkedin.com\/company\/poli-real-estate-sa\/\",\"https:\/\/www.instagram.com\/polirealestate\/\",\"https:\/\/www.youtube.com\/channel\/UCH9zHYtqstsuOqlBnhWtwMg?app=desktop\",\"https:\/\/www.facebook.com\/PRE.Pully\"]}]}<\/script>\n<!-- \/ Yoast SEO Premium plugin. -->","yoast_head_json":{"title":"Our articles | Poli Real Estate","robots":{"index":"index","follow":"follow","max-snippet":"max-snippet:-1","max-image-preview":"max-image-preview:large","max-video-preview":"max-video-preview:-1"},"canonical":"https:\/\/poli-real-estate.ch\/nos-articles\/","og_locale":"en_US","og_type":"article","og_title":"Our articles","og_description":"Discover our latest articles","og_url":"https:\/\/poli-real-estate.ch\/nos-articles\/","og_site_name":"Poli Real Estate","article_publisher":"https:\/\/www.facebook.com\/PRE.Pully","article_modified_time":"2024-08-07T13:37:18+00:00","twitter_card":"summary_large_image","schema":{"@context":"https:\/\/schema.org","@graph":[{"@type":"WebPage","@id":"https:\/\/poli-real-estate.ch\/nos-articles\/","url":"https:\/\/poli-real-estate.ch\/nos-articles\/","name":"Our articles | Poli Real Estate","isPartOf":{"@id":"https:\/\/poli-real-estate.ch\/#website"},"datePublished":"2024-07-29T09:24:52+00:00","dateModified":"2024-08-07T13:37:18+00:00","breadcrumb":{"@id":"https:\/\/poli-real-estate.ch\/nos-articles\/#breadcrumb"},"inLanguage":"en-US","potentialAction":[{"@type":"ReadAction","target":["https:\/\/poli-real-estate.ch\/nos-articles\/"]}]},{"@type":"BreadcrumbList","@id":"https:\/\/poli-real-estate.ch\/nos-articles\/#breadcrumb","itemListElement":[{"@type":"ListItem","position":1,"name":"Accueil","item":"https:\/\/poli-real-estate.ch\/en\/"},{"@type":"ListItem","position":2,"name":"Our articles"}]},{"@type":"WebSite","@id":"https:\/\/poli-real-estate.ch\/#website","url":"https:\/\/poli-real-estate.ch\/","name":"Poli Real Estate","description":"Agence immobili\u00e8re | Pully - Lausanne","publisher":{"@id":"https:\/\/poli-real-estate.ch\/#organization"},"potentialAction":[{"@type":"SearchAction","target":{"@type":"EntryPoint","urlTemplate":"https:\/\/poli-real-estate.ch\/?s={search_term_string}"},"query-input":"required name=search_term_string"}],"inLanguage":"en-US"},{"@type":"Organization","@id":"https:\/\/poli-real-estate.ch\/#organization","name":"Poli Real Estate","url":"https:\/\/poli-real-estate.ch\/","logo":{"@type":"ImageObject","inLanguage":"en-US","@id":"https:\/\/poli-real-estate.ch\/#\/schema\/logo\/image\/","url":"https:\/\/poli-real-estate.ch\/wp-content\/uploads\/2021\/08\/poli-black.png","contentUrl":"https:\/\/poli-real-estate.ch\/wp-content\/uploads\/2021\/08\/poli-black.png","width":161,"height":70,"caption":"Poli Real Estate"},"image":{"@id":"https:\/\/poli-real-estate.ch\/#\/schema\/logo\/image\/"},"sameAs":["https:\/\/www.linkedin.com\/company\/poli-real-estate-sa\/","https:\/\/www.instagram.com\/polirealestate\/","https:\/\/www.youtube.com\/channel\/UCH9zHYtqstsuOqlBnhWtwMg?app=desktop","https:\/\/www.facebook.com\/PRE.Pully"]}]}},"_links":{"self":[{"href":"https:\/\/poli-real-estate.ch\/en\/wp-json\/wp\/v2\/pages\/65816"}],"collection":[{"href":"https:\/\/poli-real-estate.ch\/en\/wp-json\/wp\/v2\/pages"}],"about":[{"href":"https:\/\/poli-real-estate.ch\/en\/wp-json\/wp\/v2\/types\/page"}],"author":[{"embeddable":true,"href":"https:\/\/poli-real-estate.ch\/en\/wp-json\/wp\/v2\/users\/4"}],"replies":[{"embeddable":true,"href":"https:\/\/poli-real-estate.ch\/en\/wp-json\/wp\/v2\/comments?post=65816"}],"version-history":[{"count":4,"href":"https:\/\/poli-real-estate.ch\/en\/wp-json\/wp\/v2\/pages\/65816\/revisions"}],"predecessor-version":[{"id":66378,"href":"https:\/\/poli-real-estate.ch\/en\/wp-json\/wp\/v2\/pages\/65816\/revisions\/66378"}],"wp:attachment":[{"href":"https:\/\/poli-real-estate.ch\/en\/wp-json\/wp\/v2\/media?parent=65816"}],"curies":[{"name":"wp","href":"https:\/\/api.w.org\/{rel}","templated":true}]}}