{"id":31773,"date":"2021-10-12T01:36:51","date_gmt":"2021-10-11T23:36:51","guid":{"rendered":"https:\/\/poli-real-estate.ch\/privacy-policy-for-poli-real-estate-sa\/"},"modified":"2024-08-07T15:46:53","modified_gmt":"2024-08-07T13:46:53","slug":"privacy-policy-for-poli-real-estate-sa","status":"publish","type":"page","link":"https:\/\/poli-real-estate.ch\/en\/privacy-policy-for-poli-real-estate-sa\/","title":{"rendered":"Privacy Policy for Poli Real Estate SA"},"content":{"rendered":"\t\t<div data-elementor-type=\"wp-page\" data-elementor-id=\"31773\" class=\"elementor elementor-31773 elementor-30092\" data-elementor-post-type=\"page\">\n\t\t\t\t<div class=\"elementor-element elementor-element-39cb9d54 e-flex e-con-boxed e-con e-parent\" data-id=\"39cb9d54\" data-element_type=\"container\">\n\t\t\t\t\t<div class=\"e-con-inner\">\n\t\t\t\t<div class=\"elementor-element elementor-element-a5348df elementor-widget elementor-widget-heading\" data-id=\"a5348df\" data-element_type=\"widget\" data-widget_type=\"heading.default\">\n\t\t\t\t<div class=\"elementor-widget-container\">\n\t\t\t<style>\/*! elementor - v3.21.0 - 26-05-2024 *\/\n.elementor-heading-title{padding:0;margin:0;line-height:1}.elementor-widget-heading .elementor-heading-title[class*=elementor-size-]>a{color:inherit;font-size:inherit;line-height:inherit}.elementor-widget-heading .elementor-heading-title.elementor-size-small{font-size:15px}.elementor-widget-heading .elementor-heading-title.elementor-size-medium{font-size:19px}.elementor-widget-heading .elementor-heading-title.elementor-size-large{font-size:29px}.elementor-widget-heading .elementor-heading-title.elementor-size-xl{font-size:39px}.elementor-widget-heading .elementor-heading-title.elementor-size-xxl{font-size:59px}<\/style><h1 class=\"elementor-heading-title elementor-size-default\">Privacy Policy for Poli Real Estate SA<\/h1>\t\t<\/div>\n\t\t\t\t<\/div>\n\t\t\t\t<div class=\"elementor-element elementor-element-ec8157d elementor-widget elementor-widget-text-editor\" data-id=\"ec8157d\" data-element_type=\"widget\" data-widget_type=\"text-editor.default\">\n\t\t\t\t<div class=\"elementor-widget-container\">\n\t\t\t<style>\/*! elementor - v3.21.0 - 26-05-2024 *\/\n.elementor-widget-text-editor.elementor-drop-cap-view-stacked .elementor-drop-cap{background-color:#69727d;color:#fff}.elementor-widget-text-editor.elementor-drop-cap-view-framed .elementor-drop-cap{color:#69727d;border:3px solid;background-color:transparent}.elementor-widget-text-editor:not(.elementor-drop-cap-view-default) .elementor-drop-cap{margin-top:8px}.elementor-widget-text-editor:not(.elementor-drop-cap-view-default) .elementor-drop-cap-letter{width:1em;height:1em}.elementor-widget-text-editor .elementor-drop-cap{float:left;text-align:center;line-height:1;font-size:50px}.elementor-widget-text-editor .elementor-drop-cap-letter{display:inline-block}<\/style>\t\t\t\t\n<div class=\"translation-block\">To ensure you can navigate our site with peace of mind, we wish to share with you on this page the purposes and methods of processing the personal data we collect during your navigation. The processing of your personal data is always based on the principles of legality and fairness in accordance with all applicable laws. Below, you will find all the details concerning the processing of your personal data. <p class=\"p1\"><span class=\"s1\">The protection of the data is ensured with the aim of confidentiality, non-alteration and security of the data that you entrust to us.<\/span><\/p>\n\n<p class=\"p1\"><span class=\"s1\">All necessary measures are taken in order to ;<\/span><\/p>\n\n<ul class=\"ul1\">\n<li class=\"li1\"><span class=\"s1\">That you are fully informed about how your data is processed,<\/span><\/li>\n\n<li class=\"li1\"><span class=\"s1\">To keep your Data only as long as necessary for the purposes of processing,<\/span><\/li>\n\n<li class=\"li1\"><span class=\"s1\">That you can access your data at any time to modify it or request its deletion.<\/span><\/li>\n<\/ul>\n\n<p class=\"p1\"><span class=\"s1\">To achieve these objectives, we implement appropriate technical measures to ensure that processing complies with applicable data protection law.<\/span><\/p>\n\n<p class=\"p2\"><span class=\"s1\"><b>Note on privacy policy<\/b><\/span><\/p>\n\n<p class=\"p1\"><span class=\"s1\">This statement lets you know, even before you access the various sections of the Site, how we will treat your personal data, whether provided directly by you (such as your name, first name, postal and e-mail address, password, age, date of birth, gender, occupation, marital status, etc.) or collected by us in another way.<\/span><\/p>\n\n<p class=\"p2\"><span class=\"s1\"><b>Identity and contact details of the data controller<\/b><\/span><\/p>\n\n<p class=\"p1\"><span class=\"s1\">The owner of the treatment is Mr. Lorenzo Poli, whose registered office is : Rue du Centre 9, 1009 Pully<\/span><\/p>\n\n<p class=\"p1\"><span class=\"s1\">Poli Real Estate SA, will process your personal data in accordance with Regulation (EU) 2016\/679 of the European Parliament and of the Council of 27 April 2016 on the protection of individuals with regard to the processing of personal data and on the free movement of such data (hereinafter &#8220;Privacy Policy&#8221;).<\/span><\/p>\n\n<p class=\"p2\"><span class=\"s1\"><b>What personal data is processed by Poli Real Estate SA?<\/b><\/span><\/p>\n\n<p class=\"p1\"><span class=\"s1\">Poli Real Estate SA collects information strictly necessary for the provision of our services. Your navigation on the Site and\/or access to certain sections of the Site may involve the collection and subsequent processing of your personal data by Poli Real Estate SA. Upon connecting to the Site, the computer systems and software procedures used to operate it automatically and\/or indirectly acquire certain information (Cookies). In accordance with the law, Poli Real Estate SA does not collect data that reveals racial or ethnic origin, political opinions, religious or philosophical beliefs, or trade union membership, genetic personal data, biometric personal data for the purpose of uniquely identifying a natural person, personal data concerning health, or personal data concerning the sexual life or sexual orientation of a natural person.<\/span><\/p>\n\n<p class=\"p2\"><span class=\"s1\"><b>Legal Obligations<\/b><\/span><\/p>\n\n<p class=\"p1\"><span class=\"s1\">Poli Real Estate SA may be required to disclose your Data in the event of legitimate requests from public authorities, in particular to meet national security, anti-fraud or law enforcement requirements.<\/span><\/p>\n\n<p class=\"p2\"><span class=\"s1\"><b>How do we process your personal data?<\/b><\/span><\/p>\n\n<p class=\"p1\"><span class=\"s1\">The processing of your Personal Data may involve any type of operation, including collecting, recording, organizing, storing, consulting, processing, modifying, selecting, retrieving, comparing, using, linking, blocking, communicating, cancelling and destroying.<\/span><\/p>\n\n<p class=\"p1\"><span class=\"s1\">Your Personal Data will be processed mainly in automated form but also in paper form, with a logic strictly related to its purposes, through databases, electronic platforms managed by Poli Real Estate NV or by third parties appointed for this purpose as external managers and\/or integrated computer systems of Poli Real Estate NV and the aforementioned third parties and\/or sites owned or used by Poli Real Estate NV.<\/span><\/p>\n\n<p class=\"p1\"><span class=\"s1\">Poli Real Estate SA a \u00e9valu\u00e9 le niveau de s\u00e9curit\u00e9 comme ad\u00e9quat en tenant compte des risques qui pourraient d\u00e9couler de la perte, de la destruction, de la modification, de la divulgation non autoris\u00e9e, de l&#8217;acc\u00e8s accidentel ou ill\u00e9gal, de l&#8217;abus ou de la modification de vos Donn\u00e9es personnelles.Plus pr\u00e9cis\u00e9ment :- a pris des mesures de s\u00e9curit\u00e9 adapt\u00e9es aux risques ;- stocke vos Donn\u00e9es Personnelles sur des serveurs situ\u00e9s principalement sur le territoire europ\u00e9en. In all cases, the servers are subject to an advanced and daily backup system.<\/span><\/p>\n\n<p class=\"p2\"><span class=\"s1\"><b>Who are the recipients of your data?<\/b><\/span><\/p>\n\n<p class=\"p1\"><span class=\"s1\">Poli Real Estate NV ensures that only authorized persons within its structure have access to your Data when such access is necessary for the execution of our business relationship.<\/span><\/p>\n\n<p class=\"p1\"><span class=\"s1\">Our service providers may also be recipients of Data strictly necessary to perform the services we have entrusted to them.<\/span><\/p>\n\n<p class=\"p2\"><span class=\"s1\"><b>Retention of personal data?<\/b><\/span><\/p>\n\n<p class=\"p1\"><span class=\"s1\">In order to ensure compliance with the principles of necessity and proportionality of processing, the data controller has identified different retention periods for personal data according to the individual purposes pursued:<\/span><\/p>\n\n<p class=\"p1\"><span class=\"s1\">For the purposes of managing your registration on the Site, your personal data will be retained for the strictly necessary time and in any case, as long as your profile is active.<br>For the purposes of managing and fulfilling the obligations provided by law (accounting, administrative, tax, etc.), your personal data will be retained for the duration strictly necessary for this purpose.<\/span><\/p>\n\n<p class=\"p1\"><span class=\"s1\">At the end of the conservation periods, we can proceed to the archiving of the data, in particular to answer the time limits of prescription of the legal actions.<\/span><\/p>\n\n<p class=\"p1\"><span class=\"s1\">The periods of retention of the Data respect the recommendations of the CNIL and\/or the legal obligations.<\/span><\/p>\n\n<p class=\"p2\"><span class=\"s1\"><b>Your rights regarding the processing of your personal data<\/b><\/span><\/p>\n\n<p class=\"p1\"><span class=\"s1\">The Privacy Policy gives you, as an interested party, several rights. In particular, you are entitled to:<\/span><\/p>\n\n<ol class=\"ol1\">\n<li class=\"li1\"><span class=\"s1\">To obtain from the Data Controller confirmation of the existence or otherwise of your Personal Data, even if not yet recorded, and their communication in intelligible form, as well as access to your Personal Data (by obtaining a copy) and to the relevant information (including the purposes of the processing, the categories and origins of the Personal Data, the categories of recipients to whom they have been or may be communicated, the period of retention (if possible), the rights that can be exercised);<\/span><\/li>\n\n<li class=\"li1\"><span class=\"s1\">To obtain from the Holder the rectification of your Personal Data and the integration of your incomplete Personal Data;<\/span><\/li>\n\n<li class=\"li1\"><span class=\"s1\">To delete your profile on the Site and, in any case, to obtain from the Controller the deletion of your Personal Data without undue delay, in particular when the Personal Data are no longer necessary for the purposes for which they were processed or when there is no longer a legal basis for their processing;<\/span><\/li>\n\n<li class=\"li1\"><span class=\"s1\">To obtain from the data controller the transformation into an anonymous form or the blocking of your personal data processed unlawfully, including those whose retention is not necessary, in relation to the purposes for which the personal data were collected or subsequently processed;<\/span><\/li>\n\n<li class=\"li1\"><span class=\"s1\">To obtain from the Holder the limitation of the processing of your Personal Data, among others, when you dispute their accuracy or object to their processing, for the period necessary for their respective verification;<\/span><\/li>\n\n<li class=\"li1\"><span class=\"s1\">To receive, in a structured, commonly used and automatically readable format, your Personal Data and to transmit or, if technically possible, obtain the direct transmission of your Personal Data to another controller without hindrance, in the case where the processing is carried out by automated means and is based on your consent or is necessary for the performance of a contract to which you are party<\/span><\/li>\n\n<li class=\"li1\"><span class=\"s1\">To revoke your consent to the processing of your personal data for the purposes for which it was provided.<\/span><\/li>\n<\/ol>\n\n<p class=\"p1\"><span class=\"s1\">You can exercise your rights against Poli Real Estate SA by accessing the &#8220;Contact&#8221; section of the site or by writing to the following e-mail address info@poli-real-estate.ch or by sending a letter to Poli Real Estate SA by ordinary mail to the address indicated in the section &#8220;Identity and contact details of the controller&#8221;.<\/span><\/p>\n\n<p class=\"p1\"><span class=\"s1\">In addition, if you believe that the processing of your personal data violates the Privacy Policy, you may file a complaint with the guarantor authority for the protection of personal data of the State in which you reside, where your place of work is located or where the alleged violation took place, or contact the same authority to request information on the exercise of your rights under the Privacy Policy.<\/span><\/p>\n\n<p class=\"p2\"><span class=\"s1\"><b>Note on privacy policy &#8211; cookies<\/b><\/span><\/p>\n\n<p class=\"p1\"><span class=\"s1\">Cookies are computer tags sent by a server to a user&#8217;s device (usually the Internet browser) when the user accesses a particular page of a website; cookies, which may also be set by websites other than those the user visits (&#8220;third-party cookies&#8221;), are automatically stored by the user&#8217;s browser and transmitted to the server that generates them each time the user accesses a web page. For example, cookies enable and\/or facilitate access to certain web pages in order to improve the user&#8217;s browsing experience (i.e., they store the pages visited and other specific information, such as the pages visited most frequently, connection errors, etc.). Therefore, for a simple and complete use of a website, the user is advised to configure his browser to accept the reception of these cookies.<\/span><\/p>\n\n<p class=\"p1\"><span class=\"s1\">Often, browsers are configured to automatically accept cookies. However, users can change the default setting to disable or delete cookies (from time to time or permanently), with the result that optimal use of certain areas of the site may be excluded. You can also check the methods and types of cookies stored on your browser by changing the cookie settings on your browser.<\/span><\/p>\n\n<p class=\"p2\"><span class=\"s1\"><b>Characteristics and purposes of cookies<\/b><\/span><\/p>\n\n<p class=\"p1\"><span class=\"s1\">Our Site uses the following categories of cookies, which may originate from Poli Real Estate SA or third parties<\/span><\/p>\n\n<p class=\"p1\"><span class=\"s1\"><b>a) Technical cookies ;<\/b>They are used to facilitate your navigation on the Site and the use of its features. Technical cookies include essential cookies, which enable features without which you would not be able to fully use the Site, and performance cookies, which improve the functionality of the Site.<\/span><\/p>\n\n<p class=\"p1\"><span class=\"s1\"><b>b) Functional cookies;<\/b>They allow the Site to remember the choices you have made (for example, the language or geographic area in which you are located) and to re-propose them on subsequent accesses in order to provide better and more personalized services (for example, they can be used to propose similar content to those you have already requested).<\/span><\/p>\n\n<p class=\"p2\"><span class=\"s1\"><b>Methodology of consent to the installation of cookies<\/b><\/span><\/p>\n\n<p class=\"p1\"><span class=\"s1\">When you access the Site for the first time, you will find a banner with a link to this statement where you will find more information about the cookies installed by Poli Real Estate NV and third parties.<\/span><\/p>\n\n<p class=\"p1\"><span class=\"s1\">For the use of anonymous technical and analytical cookies, your consent is not required. However, you can disable them by following the procedure described in the section &#8220;How to enable or disable cookies on your browsers&#8221;.<\/span><\/p>\n\n<p class=\"p2\"><span class=\"s1\"><b>How to enable or disable cookies on your browsers:<\/b><\/span><\/p>\n\n<p class=\"p1\"><span class=\"s1\">You can block the acceptance of cookies by your browser. However, this may make it less effective or prevent access to certain features or pages of the site.<\/span><\/p>\n\n<p class=\"p1\"><span class=\"s1\">Below are the ways in which the major browsers can block the acceptance of cookies:<\/span><\/p>\n\n<p class=\"p3\"><span class=\"s3\">\u25ba Internet Explorer :<a href=\"https:\/\/support.microsoft.com\/fr-fr\/help\/17442\/windows-internet-explorer-delete-manage-cookies\"><span class=\"s4\">https:\/\/support.microsoft.com\/fr-fr\/help\/17442\/windows-internet-explorer-delete-manage-cookies<\/span><\/a>\u25ba Firefox :<a href=\"https:\/\/support.mozilla.org\/fr\/kb\/empecher-sites-enregistrer-preferences#w_bloquer-les-cookies-pour-tous-les-sites\"><span class=\"s4\">https:\/\/support.mozilla.org\/fr\/kb\/empecher-sites-enregistrer-preferences#w_bloquer-les-cookies-pour-tous-les-sites<\/span><\/a>\u25ba Chrome :<a href=\"https:\/\/support.google.com\/chrome\/answer\/95647?co=GENIE.Platform%253DDesktop&amp;hl=fr\"><span class=\"s4\">https:\/\/support.google.com\/chrome\/answer\/95647?co=GENIE.Platform%3DDesktophl=fr<\/span><\/a>\u25ba Safari :<a href=\"https:\/\/support.apple.com\/fr-fr\/guide\/safari\/sfri11471\/mac\"><span class=\"s4\">https:\/\/support.apple.com\/fr-fr\/guide\/safari\/sfri11471\/mac<\/span><\/a><\/span><\/p>\n\n<p class=\"p1\"><span class=\"s1\">For any question relating to the protection of your personal data, our internal referent is at your entire disposal. To contact him, please send your requests to the following address :\u25ba info@poli-real-estate.ch<\/span><\/p>\n\n<p class=\"p2\"><span class=\"s1\"><b>Review and update of the policy<\/b><\/span><\/p>\n\n<p class=\"p1\"><span class=\"s1\">This policy will be updated as necessary to meet the requirements of applicable data protection regulations.<\/span><\/p>\n\n<p class=\"p1\"><span class=\"s1\">Le 07.10.2021<\/span><\/p>\n<\/div>\n\t\t\t\t\t\t<\/div>\n\t\t\t\t<\/div>\n\t\t\t\t\t<\/div>\n\t\t\t\t<\/div>\n\t\t\t\t<\/div>\n\t\t","protected":false},"excerpt":{"rendered":"<p>Privacy Policy for Poli Real Estate SA To ensure you can navigate our site with&#8230;<\/p>\n","protected":false},"author":4,"featured_media":0,"parent":0,"menu_order":0,"comment_status":"closed","ping_status":"closed","template":"","meta":{"_acf_changed":false,"inline_featured_image":false,"footnotes":""},"class_list":["post-31773","page","type-page","status-publish","hentry"],"acf":[],"yoast_head":"<!-- This site is optimized with the Yoast SEO Premium plugin v19.5 (Yoast SEO v19.10) - https:\/\/yoast.com\/wordpress\/plugins\/seo\/ -->\n<title>Privacy Policy for Poli Real Estate SA | Poli Real Estate<\/title>\n<meta name=\"robots\" content=\"index, follow, max-snippet:-1, max-image-preview:large, max-video-preview:-1\" \/>\n<link rel=\"canonical\" href=\"https:\/\/poli-real-estate.ch\/en\/privacy-policy-for-poli-real-estate-sa\/\" \/>\n<meta property=\"og:locale\" content=\"en_US\" \/>\n<meta property=\"og:type\" content=\"article\" \/>\n<meta property=\"og:title\" content=\"Privacy Policy for Poli Real Estate SA\" \/>\n<meta property=\"og:description\" content=\"Privacy Policy for Poli Real Estate SA To ensure you can navigate our site with...\" \/>\n<meta property=\"og:url\" content=\"https:\/\/poli-real-estate.ch\/en\/privacy-policy-for-poli-real-estate-sa\/\" \/>\n<meta property=\"og:site_name\" content=\"Poli Real Estate\" \/>\n<meta property=\"article:publisher\" content=\"https:\/\/www.facebook.com\/PRE.Pully\" \/>\n<meta property=\"article:modified_time\" content=\"2024-08-07T13:46:53+00:00\" \/>\n<meta name=\"twitter:card\" content=\"summary_large_image\" \/>\n<meta name=\"twitter:label1\" content=\"Est. reading time\" \/>\n\t<meta name=\"twitter:data1\" content=\"10 minutes\" \/>\n<script type=\"application\/ld+json\" class=\"yoast-schema-graph\">{\"@context\":\"https:\/\/schema.org\",\"@graph\":[{\"@type\":\"WebPage\",\"@id\":\"https:\/\/poli-real-estate.ch\/en\/privacy-policy-for-poli-real-estate-sa\/\",\"url\":\"https:\/\/poli-real-estate.ch\/en\/privacy-policy-for-poli-real-estate-sa\/\",\"name\":\"Privacy Policy for Poli Real Estate SA | Poli Real Estate\",\"isPartOf\":{\"@id\":\"https:\/\/poli-real-estate.ch\/#website\"},\"datePublished\":\"2021-10-11T23:36:51+00:00\",\"dateModified\":\"2024-08-07T13:46:53+00:00\",\"breadcrumb\":{\"@id\":\"https:\/\/poli-real-estate.ch\/en\/privacy-policy-for-poli-real-estate-sa\/#breadcrumb\"},\"inLanguage\":\"en-US\",\"potentialAction\":[{\"@type\":\"ReadAction\",\"target\":[\"https:\/\/poli-real-estate.ch\/en\/privacy-policy-for-poli-real-estate-sa\/\"]}]},{\"@type\":\"BreadcrumbList\",\"@id\":\"https:\/\/poli-real-estate.ch\/en\/privacy-policy-for-poli-real-estate-sa\/#breadcrumb\",\"itemListElement\":[{\"@type\":\"ListItem\",\"position\":1,\"name\":\"Accueil\",\"item\":\"https:\/\/poli-real-estate.ch\/en\/\"},{\"@type\":\"ListItem\",\"position\":2,\"name\":\"Privacy Policy for Poli Real Estate SA\"}]},{\"@type\":\"WebSite\",\"@id\":\"https:\/\/poli-real-estate.ch\/#website\",\"url\":\"https:\/\/poli-real-estate.ch\/\",\"name\":\"Poli Real Estate\",\"description\":\"Agence immobili\u00e8re | Pully - Lausanne\",\"publisher\":{\"@id\":\"https:\/\/poli-real-estate.ch\/#organization\"},\"potentialAction\":[{\"@type\":\"SearchAction\",\"target\":{\"@type\":\"EntryPoint\",\"urlTemplate\":\"https:\/\/poli-real-estate.ch\/?s={search_term_string}\"},\"query-input\":\"required name=search_term_string\"}],\"inLanguage\":\"en-US\"},{\"@type\":\"Organization\",\"@id\":\"https:\/\/poli-real-estate.ch\/#organization\",\"name\":\"Poli Real Estate\",\"url\":\"https:\/\/poli-real-estate.ch\/\",\"logo\":{\"@type\":\"ImageObject\",\"inLanguage\":\"en-US\",\"@id\":\"https:\/\/poli-real-estate.ch\/#\/schema\/logo\/image\/\",\"url\":\"https:\/\/poli-real-estate.ch\/wp-content\/uploads\/2021\/08\/poli-black.png\",\"contentUrl\":\"https:\/\/poli-real-estate.ch\/wp-content\/uploads\/2021\/08\/poli-black.png\",\"width\":161,\"height\":70,\"caption\":\"Poli Real Estate\"},\"image\":{\"@id\":\"https:\/\/poli-real-estate.ch\/#\/schema\/logo\/image\/\"},\"sameAs\":[\"https:\/\/www.linkedin.com\/company\/poli-real-estate-sa\/\",\"https:\/\/www.instagram.com\/polirealestate\/\",\"https:\/\/www.youtube.com\/channel\/UCH9zHYtqstsuOqlBnhWtwMg?app=desktop\",\"https:\/\/www.facebook.com\/PRE.Pully\"]}]}<\/script>\n<!-- \/ Yoast SEO Premium plugin. -->","yoast_head_json":{"title":"Privacy Policy for Poli Real Estate SA | Poli Real Estate","robots":{"index":"index","follow":"follow","max-snippet":"max-snippet:-1","max-image-preview":"max-image-preview:large","max-video-preview":"max-video-preview:-1"},"canonical":"https:\/\/poli-real-estate.ch\/en\/privacy-policy-for-poli-real-estate-sa\/","og_locale":"en_US","og_type":"article","og_title":"Privacy Policy for Poli Real Estate SA","og_description":"Privacy Policy for Poli Real Estate SA To ensure you can navigate our site with...","og_url":"https:\/\/poli-real-estate.ch\/en\/privacy-policy-for-poli-real-estate-sa\/","og_site_name":"Poli Real Estate","article_publisher":"https:\/\/www.facebook.com\/PRE.Pully","article_modified_time":"2024-08-07T13:46:53+00:00","twitter_card":"summary_large_image","twitter_misc":{"Est. reading time":"10 minutes"},"schema":{"@context":"https:\/\/schema.org","@graph":[{"@type":"WebPage","@id":"https:\/\/poli-real-estate.ch\/en\/privacy-policy-for-poli-real-estate-sa\/","url":"https:\/\/poli-real-estate.ch\/en\/privacy-policy-for-poli-real-estate-sa\/","name":"Privacy Policy for Poli Real Estate SA | Poli Real Estate","isPartOf":{"@id":"https:\/\/poli-real-estate.ch\/#website"},"datePublished":"2021-10-11T23:36:51+00:00","dateModified":"2024-08-07T13:46:53+00:00","breadcrumb":{"@id":"https:\/\/poli-real-estate.ch\/en\/privacy-policy-for-poli-real-estate-sa\/#breadcrumb"},"inLanguage":"en-US","potentialAction":[{"@type":"ReadAction","target":["https:\/\/poli-real-estate.ch\/en\/privacy-policy-for-poli-real-estate-sa\/"]}]},{"@type":"BreadcrumbList","@id":"https:\/\/poli-real-estate.ch\/en\/privacy-policy-for-poli-real-estate-sa\/#breadcrumb","itemListElement":[{"@type":"ListItem","position":1,"name":"Accueil","item":"https:\/\/poli-real-estate.ch\/en\/"},{"@type":"ListItem","position":2,"name":"Privacy Policy for Poli Real Estate SA"}]},{"@type":"WebSite","@id":"https:\/\/poli-real-estate.ch\/#website","url":"https:\/\/poli-real-estate.ch\/","name":"Poli Real Estate","description":"Agence immobili\u00e8re | Pully - Lausanne","publisher":{"@id":"https:\/\/poli-real-estate.ch\/#organization"},"potentialAction":[{"@type":"SearchAction","target":{"@type":"EntryPoint","urlTemplate":"https:\/\/poli-real-estate.ch\/?s={search_term_string}"},"query-input":"required name=search_term_string"}],"inLanguage":"en-US"},{"@type":"Organization","@id":"https:\/\/poli-real-estate.ch\/#organization","name":"Poli Real Estate","url":"https:\/\/poli-real-estate.ch\/","logo":{"@type":"ImageObject","inLanguage":"en-US","@id":"https:\/\/poli-real-estate.ch\/#\/schema\/logo\/image\/","url":"https:\/\/poli-real-estate.ch\/wp-content\/uploads\/2021\/08\/poli-black.png","contentUrl":"https:\/\/poli-real-estate.ch\/wp-content\/uploads\/2021\/08\/poli-black.png","width":161,"height":70,"caption":"Poli Real Estate"},"image":{"@id":"https:\/\/poli-real-estate.ch\/#\/schema\/logo\/image\/"},"sameAs":["https:\/\/www.linkedin.com\/company\/poli-real-estate-sa\/","https:\/\/www.instagram.com\/polirealestate\/","https:\/\/www.youtube.com\/channel\/UCH9zHYtqstsuOqlBnhWtwMg?app=desktop","https:\/\/www.facebook.com\/PRE.Pully"]}]}},"_links":{"self":[{"href":"https:\/\/poli-real-estate.ch\/en\/wp-json\/wp\/v2\/pages\/31773"}],"collection":[{"href":"https:\/\/poli-real-estate.ch\/en\/wp-json\/wp\/v2\/pages"}],"about":[{"href":"https:\/\/poli-real-estate.ch\/en\/wp-json\/wp\/v2\/types\/page"}],"author":[{"embeddable":true,"href":"https:\/\/poli-real-estate.ch\/en\/wp-json\/wp\/v2\/users\/4"}],"replies":[{"embeddable":true,"href":"https:\/\/poli-real-estate.ch\/en\/wp-json\/wp\/v2\/comments?post=31773"}],"version-history":[{"count":2,"href":"https:\/\/poli-real-estate.ch\/en\/wp-json\/wp\/v2\/pages\/31773\/revisions"}],"predecessor-version":[{"id":66379,"href":"https:\/\/poli-real-estate.ch\/en\/wp-json\/wp\/v2\/pages\/31773\/revisions\/66379"}],"wp:attachment":[{"href":"https:\/\/poli-real-estate.ch\/en\/wp-json\/wp\/v2\/media?parent=31773"}],"curies":[{"name":"wp","href":"https:\/\/api.w.org\/{rel}","templated":true}]}}